{"id":2141,"date":"2025-07-09T21:50:54","date_gmt":"2025-07-09T21:50:54","guid":{"rendered":"https:\/\/serviexpress.lat\/?page_id=2141"},"modified":"2025-08-28T20:05:46","modified_gmt":"2025-08-28T20:05:46","slug":"life-floor","status":"publish","type":"page","link":"https:\/\/serviexpress.lat\/es\/life-floor\/","title":{"rendered":"Life Floor"},"content":{"rendered":"\n<div class=\"wp-block-uagb-container uagb-block-79d714ad alignfull uagb-is-root-container\"><div class=\"uagb-container-inner-blocks-wrap\">\n<div data-aos= \"fade-up\" data-aos-duration=\"400\" data-aos-delay=\"0\" data-aos-easing=\"ease\" data-aos-once=\"true\" class=\"wp-block-uagb-advanced-heading uagb-block-ca1e86ce\"><h1 class=\"uagb-heading-text\">Instalaci\u00f3n de life floor<\/h1><\/div>\n<\/div><\/div>\n\n\n\n<div class=\"wp-block-uagb-container uagb-block-367bb171 alignfull uagb-is-root-container\"><div class=\"uagb-container-inner-blocks-wrap\">\n<div data-aos= \"fade-up\" data-aos-duration=\"400\" data-aos-delay=\"0\" data-aos-easing=\"ease\" data-aos-once=\"true\" class=\"wp-block-uagb-advanced-heading uagb-block-a782b3cb\"><h2 class=\"uagb-heading-text\">Personal completamente capacitado<\/h2><div class=\"uagb-separator\"><\/div><\/div>\n\n\n\n<div class=\"wp-block-uagb-container uagb-block-5467ce97\">\n<div class=\"wp-block-uagb-container uagb-block-06b76bb8\">\n<div data-aos= \"fade-right\" data-aos-duration=\"400\" data-aos-delay=\"0\" data-aos-easing=\"ease\" data-aos-once=\"true\" class=\"wp-block-uagb-info-box uagb-block-e182e8cc uagb-infobox__content-wrap  uagb-infobox-icon-above-title uagb-infobox-image-valign-top\"><div class=\"uagb-ifb-content\"><div class=\"uagb-ifb-image-content\"><img loading=\"lazy\" decoding=\"async\" src=\"https:\/\/serviexpress.lat\/wp-content\/uploads\/2025\/07\/Lifefloor2.jpg\" alt=\"\" width=\"88\" height=\"66\" loading=\"lazy\"\/><\/div><div class=\"uagb-ifb-title-wrap\"><h5 class=\"uagb-ifb-title\">Piso de Seguridad para \u00c1reas Acu\u00e1ticas<\/h5><\/div><p class=\"uagb-ifb-desc\">Realizamos la instalaci\u00f3n profesional de pisos especiales para \u00e1reas h\u00famedas, cuidando cada detalle para garantizar m\u00e1xima adherencia, seguridad y durabilidad.<\/p><\/div><\/div>\n<\/div>\n\n\n\n<div class=\"wp-block-uagb-container uagb-block-e3c5d364\">\n<div data-aos= \"fade-left\" data-aos-duration=\"400\" data-aos-delay=\"0\" data-aos-easing=\"ease\" data-aos-once=\"true\" class=\"wp-block-uagb-info-box uagb-block-5b403ab9 uagb-infobox__content-wrap  uagb-infobox-icon-above-title uagb-infobox-image-valign-top\"><div class=\"uagb-ifb-content\"><div class=\"uagb-ifb-image-content\"><img loading=\"lazy\" decoding=\"async\" src=\"https:\/\/serviexpress.lat\/wp-content\/uploads\/2025\/07\/Lifeloor1-1-rotated.jpg\" alt=\"\" width=\"500\" height=\"375\" loading=\"lazy\"\/><\/div><div class=\"uagb-ifb-title-wrap\"><h5 class=\"uagb-ifb-title\"><strong>Instalaci\u00f3n Profesional<\/strong><\/h5><\/div><p class=\"uagb-ifb-desc\">Nos encargamos del montaje completo, adapt\u00e1ndonos a cualquier dise\u00f1o o superficie para ofrecer un resultado seguro, est\u00e9tico y resistente.<\/p><\/div><\/div>\n<\/div>\n<\/div>\n<\/div><\/div>\n\n\n\n<div class=\"wp-block-uagb-container uagb-block-572efee1 alignfull uagb-is-root-container\"><div class=\"uagb-container-inner-blocks-wrap\">\n<div data-aos= \"fade-up\" data-aos-duration=\"400\" data-aos-delay=\"0\" data-aos-easing=\"ease\" data-aos-once=\"true\" class=\"wp-block-uagb-container uagb-block-6494f6ee\">\n<div class=\"wp-block-uagb-advanced-heading uagb-block-038c9175\"><h3 class=\"uagb-heading-text\">\u00bfPor qu\u00e9 Contratarnos?<\/h3><div class=\"uagb-separator\"><\/div><p class=\"uagb-desc-text\">Somos un equipo altamente enfocados a resultados, sin descuidar cada detalle en el proceso de elaboraci\u00f3n del proyecto.<\/p><\/div>\n\n\n\n<div class=\"wp-block-uagb-icon-list uagb-block-ef6f6065\"><div class=\"uagb-icon-list__wrap\">\n<div class=\"wp-block-uagb-icon-list-child uagb-block-d9a0f41a\"><span class=\"uagb-icon-list__label\"><strong><strong>Experiencia: <\/strong> <\/strong>Contamos con personal con basta experiencia en cada una de sus ramas para asegurar un trabajo profesional.<\/span><\/div>\n\n\n\n<div class=\"wp-block-uagb-icon-list-child uagb-block-48563c77\"><span class=\"uagb-icon-list__label\"><strong><strong>Reputac\u00f3n: <\/strong> <\/strong>Contamos con varias empresas en nuestro catalogo que dan fe de la reponsablididad y calidad de servicios que brindamos.<\/span><\/div>\n\n\n\n<div class=\"wp-block-uagb-icon-list-child uagb-block-30f486dc\"><span class=\"uagb-icon-list__label\"><strong><strong>Contactanos: <\/strong> <\/strong>Contactanos y se podr\u00e1 dar cuenta que desde el primer contacto con nostros hasta al finalizar el proyecto estaremos ah\u00ed para brindarle el apoyo que necesite.<\/span><\/div>\n<\/div><\/div>\n<\/div>\n\n\n\n<div data-aos= \"fade-up\" data-aos-duration=\"400\" data-aos-delay=\"0\" data-aos-easing=\"ease\" data-aos-once=\"true\" class=\"wp-block-uagb-container uagb-block-e2f9ea02\">\n<div class=\"wp-block-uagb-advanced-heading uagb-block-0ac88d07\"><h3 class=\"uagb-heading-text\">\u00bfQu\u00e9 te ofrecemos?<\/h3><div class=\"uagb-separator\"><\/div><p class=\"uagb-desc-text\">Somos una empresa con valores cristianos, enfocado a superar las espectativas de los clientes que contratan nuestros servicios.<\/p><\/div>\n\n\n\n<div class=\"wp-block-uagb-icon-list uagb-block-af9ffd44\"><div class=\"uagb-icon-list__wrap\">\n<div class=\"wp-block-uagb-icon-list-child uagb-block-092a6498\"><span class=\"uagb-icon-list__label\"><strong>Personal:<\/strong> Un equipo de personas que trabajan en equipo enfocado a una misma meta (Satisfacer las necesidades del cliente).<\/span><\/div>\n\n\n\n<div class=\"wp-block-uagb-icon-list-child uagb-block-20df9742\"><span class=\"uagb-icon-list__label\"><strong>Profesionales:<\/strong> Personal profesionalmente capacitado para areas especificas.<\/span><\/div>\n\n\n\n<div class=\"wp-block-uagb-icon-list-child uagb-block-96009966\"><span class=\"uagb-icon-list__label\"><strong>Variedad:<\/strong> Contamos con abanico de servicios donde podemos suplir la necesidad que necesite.<\/span><\/div>\n<\/div><\/div>\n<\/div>\n<\/div><\/div>\n\n\n\n<p class=\"wp-block-paragraph\"><\/p>\n","protected":false},"excerpt":{"rendered":"<p>Instalaci\u00f3n de life floor Personal completamente capacitado \u00bfPor qu\u00e9 Contratarnos? Somos un equipo altamente enfocados a resultados, sin descuidar cada detalle en el proceso de elaboraci\u00f3n del proyecto. \u00bfQu\u00e9 te ofrecemos? Somos una empresa con valores cristianos, enfocado a superar las espectativas de los clientes que contratan nuestros servicios.<\/p>\n","protected":false},"author":1,"featured_media":0,"parent":0,"menu_order":0,"comment_status":"closed","ping_status":"closed","template":"","meta":{"_crdt_document":"","_uag_custom_page_level_css":"","site-sidebar-layout":"default","site-content-layout":"","ast-site-content-layout":"default","site-content-style":"default","site-sidebar-style":"default","ast-global-header-display":"","ast-banner-title-visibility":"","ast-main-header-display":"","ast-hfb-above-header-display":"","ast-hfb-below-header-display":"","ast-hfb-mobile-header-display":"","site-post-title":"disabled","ast-breadcrumbs-content":"","ast-featured-img":"","footer-sml-layout":"","ast-disable-related-posts":"","theme-transparent-header-meta":"","adv-header-id-meta":"","stick-header-meta":"","header-above-stick-meta":"","header-main-stick-meta":"","header-below-stick-meta":"","astra-migrate-meta-layouts":"set","ast-page-background-enabled":"default","ast-page-background-meta":{"desktop":{"background-color":"","background-image":"","background-repeat":"repeat","background-position":"center center","background-size":"auto","background-attachment":"scroll","background-type":"","background-media":"","overlay-type":"","overlay-color":"","overlay-opacity":"","overlay-gradient":""},"tablet":{"background-color":"","background-image":"","background-repeat":"repeat","background-position":"center center","background-size":"auto","background-attachment":"scroll","background-type":"","background-media":"","overlay-type":"","overlay-color":"","overlay-opacity":"","overlay-gradient":""},"mobile":{"background-color":"","background-image":"","background-repeat":"repeat","background-position":"center center","background-size":"auto","background-attachment":"scroll","background-type":"","background-media":"","overlay-type":"","overlay-color":"","overlay-opacity":"","overlay-gradient":""}},"ast-content-background-meta":{"desktop":{"background-color":"var(--ast-global-color-5)","background-image":"","background-repeat":"repeat","background-position":"center center","background-size":"auto","background-attachment":"scroll","background-type":"","background-media":"","overlay-type":"","overlay-color":"","overlay-opacity":"","overlay-gradient":""},"tablet":{"background-color":"var(--ast-global-color-5)","background-image":"","background-repeat":"repeat","background-position":"center center","background-size":"auto","background-attachment":"scroll","background-type":"","background-media":"","overlay-type":"","overlay-color":"","overlay-opacity":"","overlay-gradient":""},"mobile":{"background-color":"var(--ast-global-color-5)","background-image":"","background-repeat":"repeat","background-position":"center center","background-size":"auto","background-attachment":"scroll","background-type":"","background-media":"","overlay-type":"","overlay-color":"","overlay-opacity":"","overlay-gradient":""}},"footnotes":""},"class_list":["post-2141","page","type-page","status-publish","hentry"],"uagb_featured_image_src":{"full":false,"thumbnail":false,"medium":false,"medium_large":false,"large":false,"1536x1536":false,"2048x2048":false,"trp-custom-language-flag":false},"uagb_author_info":{"display_name":"Admin","author_link":"https:\/\/serviexpress.lat\/es\/author\/admin\/"},"uagb_comment_info":0,"uagb_excerpt":"Instalaci\u00f3n de life floor Personal completamente capacitado \u00bfPor qu\u00e9 Contratarnos? Somos un equipo altamente enfocados a resultados, sin descuidar cada detalle en el proceso de elaboraci\u00f3n del proyecto. \u00bfQu\u00e9 te ofrecemos? Somos una empresa con valores cristianos, enfocado a superar las espectativas de los clientes que contratan nuestros servicios.","_links":{"self":[{"href":"https:\/\/serviexpress.lat\/es\/wp-json\/wp\/v2\/pages\/2141","targetHints":{"allow":["GET"]}}],"collection":[{"href":"https:\/\/serviexpress.lat\/es\/wp-json\/wp\/v2\/pages"}],"about":[{"href":"https:\/\/serviexpress.lat\/es\/wp-json\/wp\/v2\/types\/page"}],"author":[{"embeddable":true,"href":"https:\/\/serviexpress.lat\/es\/wp-json\/wp\/v2\/users\/1"}],"replies":[{"embeddable":true,"href":"https:\/\/serviexpress.lat\/es\/wp-json\/wp\/v2\/comments?post=2141"}],"version-history":[{"count":6,"href":"https:\/\/serviexpress.lat\/es\/wp-json\/wp\/v2\/pages\/2141\/revisions"}],"predecessor-version":[{"id":2188,"href":"https:\/\/serviexpress.lat\/es\/wp-json\/wp\/v2\/pages\/2141\/revisions\/2188"}],"wp:attachment":[{"href":"https:\/\/serviexpress.lat\/es\/wp-json\/wp\/v2\/media?parent=2141"}],"curies":[{"name":"wp","href":"https:\/\/api.w.org\/{rel}","templated":true}]}}