{"id":2096,"date":"2025-07-08T18:49:10","date_gmt":"2025-07-08T18:49:10","guid":{"rendered":"https:\/\/serviexpress.lat\/?page_id=2096"},"modified":"2025-07-09T19:39:58","modified_gmt":"2025-07-09T19:39:58","slug":"chipping-and-painting","status":"publish","type":"page","link":"https:\/\/serviexpress.lat\/es\/chipping-and-painting\/","title":{"rendered":"Chipping and Painting"},"content":{"rendered":"\n<div class=\"wp-block-uagb-container uagb-block-79d714ad alignfull uagb-is-root-container\"><div class=\"uagb-container-inner-blocks-wrap\">\n<div data-aos= \"fade-up\" data-aos-duration=\"400\" data-aos-delay=\"0\" data-aos-easing=\"ease\" data-aos-once=\"true\" class=\"wp-block-uagb-advanced-heading uagb-block-ca1e86ce\"><h1 class=\"uagb-heading-text\">Chipping and Painting<\/h1><\/div>\n<\/div><\/div>\n\n\n\n<div class=\"wp-block-uagb-container uagb-block-367bb171 alignfull uagb-is-root-container\"><div class=\"uagb-container-inner-blocks-wrap\">\n<div class=\"wp-block-uagb-advanced-heading uagb-block-a782b3cb\"><h2 class=\"uagb-heading-text\">Personal capacitado para mantenimiento industrial y naval<\/h2><div class=\"uagb-separator\"><\/div><\/div>\n\n\n\n<div class=\"wp-block-uagb-container uagb-block-5467ce97\">\n<div class=\"wp-block-uagb-container uagb-block-06b76bb8\">\n<div data-aos= \"fade-right\" data-aos-duration=\"400\" data-aos-delay=\"0\" data-aos-easing=\"ease\" data-aos-once=\"true\" class=\"wp-block-uagb-info-box uagb-block-e182e8cc uagb-infobox__content-wrap  uagb-infobox-icon-above-title uagb-infobox-image-valign-top\"><div class=\"uagb-ifb-content\"><div class=\"uagb-ifb-image-content\"><img loading=\"lazy\" decoding=\"async\" src=\"https:\/\/serviexpress.lat\/wp-content\/uploads\/2025\/07\/SandP5.png\" alt=\"\" width=\"644\" height=\"402\" loading=\"lazy\"\/><\/div><div class=\"uagb-ifb-title-wrap\"><h5 class=\"uagb-ifb-title\"><strong>Capacidad para Proyectos a Gran Escala en la Industria de Cruceros<\/strong><\/h5><\/div><p class=\"uagb-ifb-desc\">Contamos con equipos coordinados y experimentados para abordar proyectos de gran envergadura, como el mantenimiento completo de superestructuras en barcos de pasajeros.<\/p><\/div><\/div>\n<\/div>\n\n\n\n<div class=\"wp-block-uagb-container uagb-block-e3c5d364\">\n<div data-aos= \"fade-left\" data-aos-duration=\"400\" data-aos-delay=\"0\" data-aos-easing=\"ease\" data-aos-once=\"true\" class=\"wp-block-uagb-info-box uagb-block-5b403ab9 uagb-infobox__content-wrap  uagb-infobox-icon-above-title uagb-infobox-image-valign-top\"><div class=\"uagb-ifb-content\"><div class=\"uagb-ifb-image-content\"><img loading=\"lazy\" decoding=\"async\" src=\"https:\/\/serviexpress.lat\/wp-content\/uploads\/2025\/07\/SandP1.png\" alt=\"\" width=\"644\" height=\"402\" loading=\"lazy\"\/><\/div><div class=\"uagb-ifb-title-wrap\"><h5 class=\"uagb-ifb-title\">Preparaci\u00f3n de pintura especializada para aplicaciones marinas<\/h5><\/div><p class=\"uagb-ifb-desc\">Aplicador profesional preparando pintura anticorrosiva en cubierta de embarcaci\u00f3n. Nuestro personal sigue protocolos t\u00e9cnicos para la mezcla y aplicaci\u00f3n de recubrimientos en ambientes salinos exigentes.<\/p><\/div><\/div>\n<\/div>\n<\/div>\n\n\n\n<div class=\"wp-block-uagb-container uagb-block-3d70687a\">\n<div class=\"wp-block-uagb-container uagb-block-350680ec\">\n<div data-aos= \"fade-right\" data-aos-duration=\"400\" data-aos-delay=\"0\" data-aos-easing=\"ease\" data-aos-once=\"true\" class=\"wp-block-uagb-info-box uagb-block-0f8a8f98 uagb-infobox__content-wrap  uagb-infobox-icon-above-title uagb-infobox-image-valign-top\"><div class=\"uagb-ifb-content\"><div class=\"uagb-ifb-image-content\"><img loading=\"lazy\" decoding=\"async\" src=\"https:\/\/serviexpress.lat\/wp-content\/uploads\/2025\/07\/SandP2.png\" alt=\"\" width=\"644\" height=\"402\" loading=\"lazy\"\/><\/div><div class=\"uagb-ifb-title-wrap\"><h5 class=\"uagb-ifb-title\">Equipo en pintura final de estructuras met\u00e1licas industriales<\/h5><\/div><p class=\"uagb-ifb-desc\">Nuestro personal aplica recubrimientos protectores con precisi\u00f3n y calidad, asegurando acabados duraderos en superficies met\u00e1licas tratadas<\/p><\/div><\/div>\n<\/div>\n\n\n\n<div class=\"wp-block-uagb-container uagb-block-5ba2e98d\">\n<div data-aos= \"fade-left\" data-aos-duration=\"400\" data-aos-delay=\"0\" data-aos-easing=\"ease\" data-aos-once=\"true\" class=\"wp-block-uagb-info-box uagb-block-95387658 uagb-infobox__content-wrap  uagb-infobox-icon-above-title uagb-infobox-image-valign-top\"><div class=\"uagb-ifb-content\"><div class=\"uagb-ifb-image-content\"><img loading=\"lazy\" decoding=\"async\" src=\"https:\/\/serviexpress.lat\/wp-content\/uploads\/2025\/07\/SandP3.png\" alt=\"\" width=\"644\" height=\"402\" loading=\"lazy\"\/><\/div><div class=\"uagb-ifb-title-wrap\"><h5 class=\"uagb-ifb-title\">Preparaci\u00f3n de superficie en altura<\/h5><\/div><p class=\"uagb-ifb-desc\">Contamos con personal entrenado en trabajos verticales y uso de arn\u00e9s seg\u00fan normativas de seguridad.<\/p><\/div><\/div>\n<\/div>\n<\/div>\n\n\n\n<div class=\"wp-block-uagb-container uagb-block-4fb56eab\">\n<div class=\"wp-block-uagb-container uagb-block-8df5a71c\">\n<div data-aos= \"fade-right\" data-aos-duration=\"400\" data-aos-delay=\"0\" data-aos-easing=\"ease\" data-aos-once=\"true\" class=\"wp-block-uagb-info-box uagb-block-cbe414f1 uagb-infobox__content-wrap  uagb-infobox-icon-above-title uagb-infobox-image-valign-top\"><div class=\"uagb-ifb-content\"><div class=\"uagb-ifb-image-content\"><img loading=\"lazy\" decoding=\"async\" src=\"https:\/\/serviexpress.lat\/wp-content\/uploads\/2025\/07\/SandP4.png\" alt=\"\" width=\"644\" height=\"402\" loading=\"lazy\"\/><\/div><div class=\"uagb-ifb-title-wrap\"><h5 class=\"uagb-ifb-title\"><strong>Precisi\u00f3n y Cuidado en la Preparaci\u00f3n de Superficies<\/strong><\/h5><\/div><p class=\"uagb-ifb-desc\">Entendemos que la calidad del acabado final depende de la perfecci\u00f3n en esta primera etapa. Nuestro personal se especializa en la preparaci\u00f3n manual y minuciosa de cada superficie.<\/p><\/div><\/div>\n<\/div>\n\n\n\n<div class=\"wp-block-uagb-container uagb-block-aa068385\">\n<div data-aos= \"fade-left\" data-aos-duration=\"400\" data-aos-delay=\"0\" data-aos-easing=\"ease\" data-aos-once=\"true\" class=\"wp-block-uagb-info-box uagb-block-ea6c42fa uagb-infobox__content-wrap  uagb-infobox-icon-above-title uagb-infobox-image-valign-top\"><div class=\"uagb-ifb-content\"><div class=\"uagb-ifb-image-content\"><img loading=\"lazy\" decoding=\"async\" src=\"https:\/\/serviexpress.lat\/wp-content\/uploads\/2025\/07\/SandP6.png\" alt=\"\" width=\"644\" height=\"402\" loading=\"lazy\"\/><\/div><div class=\"uagb-ifb-title-wrap\"><h5 class=\"uagb-ifb-title\"><strong><strong>Fuerza de Labor Especializada para Trabajos Exigentes<\/strong><\/strong><\/h5><\/div><p class=\"uagb-ifb-desc\">Nuestra fuerza laboral est\u00e1 altamente capacitada en el uso de herramientas de potencia para el <em>chipping<\/em> (piqueteado) y la preparaci\u00f3n de acero. La seguridad es nuestra m\u00e1xima prioridad.<\/p><\/div><\/div>\n<\/div>\n<\/div>\n<\/div><\/div>\n\n\n\n<div class=\"wp-block-uagb-container uagb-block-572efee1 alignfull uagb-is-root-container\"><div class=\"uagb-container-inner-blocks-wrap\">\n<div class=\"wp-block-group is-nowrap is-layout-flex wp-container-core-group-is-layout-7387b849 wp-block-group-is-layout-flex\">\n<div class=\"wp-block-uagb-container uagb-block-6494f6ee\">\n<div data-aos= \"fade-up\" data-aos-duration=\"400\" data-aos-delay=\"0\" data-aos-easing=\"ease\" data-aos-once=\"true\" class=\"wp-block-uagb-advanced-heading uagb-block-038c9175\"><h3 class=\"uagb-heading-text\">\u00bfPor qu\u00e9 Contratarnos?<\/h3><div class=\"uagb-separator\"><\/div><p class=\"uagb-desc-text\">Somos un equipo altamente enfocados a resultados, sin descuidar cada detalle en el proceso de elaboraci\u00f3n del proyecto.<\/p><\/div>\n\n\n\n<div class=\"wp-block-uagb-icon-list uagb-block-ef6f6065\"><div class=\"uagb-icon-list__wrap\">\n<div class=\"wp-block-uagb-icon-list-child uagb-block-d9a0f41a\"><span class=\"uagb-icon-list__label\"><strong><strong>Experiencia: <\/strong> <\/strong>Contamos con personal con basta experiencia en cada una de sus ramas para asegurar un trabajo profesional.<\/span><\/div>\n\n\n\n<div class=\"wp-block-uagb-icon-list-child uagb-block-48563c77\"><span class=\"uagb-icon-list__label\"><strong><strong>Reputac\u00f3n: <\/strong> <\/strong>Contamos con varias empresas en nuestro catalogo que dan fe de la reponsablididad y calidad de servicios que brindamos.<\/span><\/div>\n\n\n\n<div class=\"wp-block-uagb-icon-list-child uagb-block-30f486dc\"><span class=\"uagb-icon-list__label\"><strong><strong>Contactanos: <\/strong> <\/strong>Contactanos y se podr\u00e1 dar cuenta que desde el primer contacto con nostros hasta al finalizar el proyecto estaremos ah\u00ed para brindarle el apoyo que necesite.<\/span><\/div>\n    <div>\u00a0<\/div>\n<\/div><\/div>\n<\/div>\n\n\n\n<div data-aos= \"fade-up\" data-aos-duration=\"400\" data-aos-delay=\"0\" data-aos-easing=\"ease\" data-aos-once=\"true\" class=\"wp-block-uagb-container uagb-block-e2f9ea02\">\n<div class=\"wp-block-uagb-advanced-heading uagb-block-0ac88d07\"><h3 class=\"uagb-heading-text\">\u00bfQu\u00e9 te ofrecemos?<\/h3><div class=\"uagb-separator\"><\/div><p class=\"uagb-desc-text\">Somos una empresa con valores cristianos, enfocado a superar las espectativas de los clientes que contratan nuestros servicios.<\/p><\/div>\n\n\n\n<div class=\"wp-block-uagb-icon-list uagb-block-af9ffd44\"><div class=\"uagb-icon-list__wrap\">\n<div class=\"wp-block-uagb-icon-list-child uagb-block-092a6498\"><span class=\"uagb-icon-list__label\"><strong>Personal:<\/strong> Un equipo de personas que trabajan en equipo enfocado a una misma meta (Satisfacer las necesidades del cliente).<\/span><\/div>\n\n\n\n<div class=\"wp-block-uagb-icon-list-child uagb-block-20df9742\"><span class=\"uagb-icon-list__label\"><strong>Profesionales:<\/strong> Personal profesionalmente capacitado para areas especificas.<\/span><\/div>\n\n\n\n<div class=\"wp-block-uagb-icon-list-child uagb-block-96009966\"><span class=\"uagb-icon-list__label\"><strong>Variedad:<\/strong> Contamos con abanico de servicios donde podemos suplir la necesidad que necesite.<\/span><\/div>\n<\/div><\/div>\n<\/div>\n<\/div>\n<\/div><\/div>\n\n\n\n<p class=\"wp-block-paragraph\"><\/p>\n","protected":false},"excerpt":{"rendered":"<p>Chipping and Painting Personal capacitado para mantenimiento industrial y naval \u00bfPor qu\u00e9 Contratarnos? Somos un equipo altamente enfocados a resultados, sin descuidar cada detalle en el proceso de elaboraci\u00f3n del proyecto. \u00bfQu\u00e9 te ofrecemos? Somos una empresa con valores cristianos, enfocado a superar las espectativas de los clientes que contratan nuestros servicios.<\/p>\n","protected":false},"author":1,"featured_media":0,"parent":0,"menu_order":0,"comment_status":"closed","ping_status":"closed","template":"","meta":{"_crdt_document":"","_uag_custom_page_level_css":"","site-sidebar-layout":"default","site-content-layout":"","ast-site-content-layout":"default","site-content-style":"default","site-sidebar-style":"default","ast-global-header-display":"","ast-banner-title-visibility":"","ast-main-header-display":"","ast-hfb-above-header-display":"","ast-hfb-below-header-display":"","ast-hfb-mobile-header-display":"","site-post-title":"disabled","ast-breadcrumbs-content":"","ast-featured-img":"disabled","footer-sml-layout":"","ast-disable-related-posts":"","theme-transparent-header-meta":"","adv-header-id-meta":"","stick-header-meta":"","header-above-stick-meta":"","header-main-stick-meta":"","header-below-stick-meta":"","astra-migrate-meta-layouts":"set","ast-page-background-enabled":"default","ast-page-background-meta":{"desktop":{"background-color":"","background-image":"","background-repeat":"repeat","background-position":"center center","background-size":"auto","background-attachment":"scroll","background-type":"","background-media":"","overlay-type":"","overlay-color":"","overlay-opacity":"","overlay-gradient":""},"tablet":{"background-color":"","background-image":"","background-repeat":"repeat","background-position":"center center","background-size":"auto","background-attachment":"scroll","background-type":"","background-media":"","overlay-type":"","overlay-color":"","overlay-opacity":"","overlay-gradient":""},"mobile":{"background-color":"","background-image":"","background-repeat":"repeat","background-position":"center center","background-size":"auto","background-attachment":"scroll","background-type":"","background-media":"","overlay-type":"","overlay-color":"","overlay-opacity":"","overlay-gradient":""}},"ast-content-background-meta":{"desktop":{"background-color":"var(--ast-global-color-5)","background-image":"","background-repeat":"repeat","background-position":"center center","background-size":"auto","background-attachment":"scroll","background-type":"","background-media":"","overlay-type":"","overlay-color":"","overlay-opacity":"","overlay-gradient":""},"tablet":{"background-color":"var(--ast-global-color-5)","background-image":"","background-repeat":"repeat","background-position":"center center","background-size":"auto","background-attachment":"scroll","background-type":"","background-media":"","overlay-type":"","overlay-color":"","overlay-opacity":"","overlay-gradient":""},"mobile":{"background-color":"var(--ast-global-color-5)","background-image":"","background-repeat":"repeat","background-position":"center center","background-size":"auto","background-attachment":"scroll","background-type":"","background-media":"","overlay-type":"","overlay-color":"","overlay-opacity":"","overlay-gradient":""}},"footnotes":""},"class_list":["post-2096","page","type-page","status-publish","hentry"],"uagb_featured_image_src":{"full":false,"thumbnail":false,"medium":false,"medium_large":false,"large":false,"1536x1536":false,"2048x2048":false,"trp-custom-language-flag":false},"uagb_author_info":{"display_name":"Admin","author_link":"https:\/\/serviexpress.lat\/es\/author\/admin\/"},"uagb_comment_info":0,"uagb_excerpt":"Chipping and Painting Personal capacitado para mantenimiento industrial y naval \u00bfPor qu\u00e9 Contratarnos? Somos un equipo altamente enfocados a resultados, sin descuidar cada detalle en el proceso de elaboraci\u00f3n del proyecto. \u00bfQu\u00e9 te ofrecemos? Somos una empresa con valores cristianos, enfocado a superar las espectativas de los clientes que contratan nuestros servicios.","_links":{"self":[{"href":"https:\/\/serviexpress.lat\/es\/wp-json\/wp\/v2\/pages\/2096","targetHints":{"allow":["GET"]}}],"collection":[{"href":"https:\/\/serviexpress.lat\/es\/wp-json\/wp\/v2\/pages"}],"about":[{"href":"https:\/\/serviexpress.lat\/es\/wp-json\/wp\/v2\/types\/page"}],"author":[{"embeddable":true,"href":"https:\/\/serviexpress.lat\/es\/wp-json\/wp\/v2\/users\/1"}],"replies":[{"embeddable":true,"href":"https:\/\/serviexpress.lat\/es\/wp-json\/wp\/v2\/comments?post=2096"}],"version-history":[{"count":13,"href":"https:\/\/serviexpress.lat\/es\/wp-json\/wp\/v2\/pages\/2096\/revisions"}],"predecessor-version":[{"id":2120,"href":"https:\/\/serviexpress.lat\/es\/wp-json\/wp\/v2\/pages\/2096\/revisions\/2120"}],"wp:attachment":[{"href":"https:\/\/serviexpress.lat\/es\/wp-json\/wp\/v2\/media?parent=2096"}],"curies":[{"name":"wp","href":"https:\/\/api.w.org\/{rel}","templated":true}]}}