{"id":1427,"date":"2020-09-15T06:48:29","date_gmt":"2020-09-15T06:48:29","guid":{"rendered":"https:\/\/serviexpress.lat\/about\/"},"modified":"2025-08-05T16:25:14","modified_gmt":"2025-08-05T16:25:14","slug":"sobre-nosotros","status":"publish","type":"page","link":"https:\/\/serviexpress.lat\/es\/sobre-nosotros\/","title":{"rendered":"Sobre Nosotros"},"content":{"rendered":"\n<div class=\"wp-block-uagb-container uagb-block-04545503 alignfull uagb-is-root-container\"><div class=\"uagb-container-inner-blocks-wrap\">\n<div class=\"wp-block-uagb-advanced-heading uagb-block-58d792da\"><h1 class=\"uagb-heading-text\">\u00bfQuienes Somos?<\/h1><\/div>\n<\/div><\/div>\n\n\n\n<div class=\"wp-block-uagb-container uagb-block-c07c1ca2 alignfull uagb-is-root-container\"><div class=\"uagb-container-inner-blocks-wrap\">\n<div class=\"wp-block-uagb-container uagb-block-56ceaf47\">\n<div data-aos= \"fade-right\" data-aos-duration=\"400\" data-aos-delay=\"0\" data-aos-easing=\"ease\" data-aos-once=\"true\" class=\"wp-block-uagb-advanced-heading uagb-block-bcf3190f\"><h2 class=\"uagb-heading-text\">Nuestra Misi\u00f3n<\/h2><div class=\"uagb-separator\"><\/div><p class=\"uagb-desc-text\">En nuestra firma, nos especializamos en la selecci\u00f3n cuidadosa de profesionales altamente experimentados para satisfacer las necesidades espec\u00edficas de la industria.<br><br>Una vez formado el equipo, realizamos pruebas te\u00f3ricas exhaustivas para evaluar y asegurar el dominio completo de los conocimientos necesarios para destacar en cada campo experimentado.<br><br>No nos detenemos ah\u00ed. Despu\u00e9s de superar la fase te\u00f3rica, llevamos a cabo pruebas pr\u00e1cticas rigurosas para garantizar que nuestro personal no solo posea conocimientos s\u00f3lidos, sino tambi\u00e9n habilidades pr\u00e1cticas en situaciones del mundo real. Esto asegura que nuestro equipo est\u00e9 listo para superar las expectativas de cada cliente. Conf\u00ede en nosotros para proporcionar un servicio de calidad en cada \u00e1rea que nos contraten.<\/p><\/div>\n\n\n\n<p class=\"wp-block-paragraph\"><\/p>\n<\/div>\n\n\n\n<div class=\"wp-block-uagb-container uagb-block-3864985c\">\n<div data-aos= \"fade-left\" data-aos-duration=\"400\" data-aos-delay=\"0\" data-aos-easing=\"ease\" data-aos-once=\"true\" class=\"wp-block-uagb-image alignleft uagb-block-c2362fda wp-block-uagb-image--layout-default wp-block-uagb-image--effect-static wp-block-uagb-image--align-left\"><figure class=\"wp-block-uagb-image__figure\"><img loading=\"lazy\" decoding=\"async\" srcset=\"https:\/\/serviexpress.lat\/wp-content\/uploads\/2025\/08\/acerca-de-Recuperado-1024x768.png ,https:\/\/serviexpress.lat\/wp-content\/uploads\/2025\/08\/acerca-de-Recuperado.png 780w, https:\/\/serviexpress.lat\/wp-content\/uploads\/2025\/08\/acerca-de-Recuperado.png 360w\" sizes=\"auto, (max-width: 480px) 150px\" src=\"https:\/\/serviexpress.lat\/wp-content\/uploads\/2025\/08\/acerca-de-Recuperado-1024x768.png\" alt=\"\" class=\"uag-image-2180\" width=\"1024\" height=\"768\" title=\"acerca de-Recuperado\" loading=\"lazy\" role=\"img\"\/><\/figure><\/div>\n<\/div>\n<\/div><\/div>\n\n\n\n<div class=\"wp-block-uagb-container uagb-block-572efee1 alignfull uagb-is-root-container\"><div class=\"uagb-container-inner-blocks-wrap\">\n<div class=\"wp-block-uagb-container uagb-block-6494f6ee\">\n<div class=\"wp-block-uagb-advanced-heading uagb-block-038c9175\">\r\n<h3 class=\"uagb-heading-text\">\u00bfPor qu\u00e9 Contratarnos?<\/h3>\r\n<div class=\"uagb-separator\">\u00a0<\/div>\r\n<p class=\"uagb-desc-text\">Somos un equipo altamente enfocados a resultados, sin descuidar cada detalle en el proceso de elaboraci\u00f3n del proyecto.<\/p>\r\n<\/div>\n\n\n\n<div class=\"wp-block-uagb-icon-list uagb-block-ef6f6065\"><div class=\"uagb-icon-list__wrap\">\n<div class=\"wp-block-uagb-icon-list-child uagb-block-d9a0f41a\"><span class=\"uagb-icon-list__label\"><strong><strong>Experiencia: <\/strong> <\/strong>Contamos con personal con basta experiencia en cada una de sus ramas para asegurar un trabajo profesional.<\/span><\/div>\n\n\n\n<div class=\"wp-block-uagb-icon-list-child uagb-block-48563c77\"><span class=\"uagb-icon-list__label\"><strong><strong>Reputac\u00f3n: <\/strong> <\/strong>Contamos con varias empresas en nuestro catalogo que dan fe de la reponsablididad y calidad de servicios que brindamos.<\/span><\/div>\n\n\n\n<div class=\"wp-block-uagb-icon-list-child uagb-block-30f486dc\"><span class=\"uagb-icon-list__label\"><strong><strong>Contactanos: <\/strong> <\/strong>Contactanos y se podr\u00e1 dar cuenta que desde el primer contacto con nostros hasta al finalizar el proyecto estaremos ah\u00ed para brindarle el apoyo que necesite.<\/span><\/div>\n<\/div><\/div>\n<\/div>\n\n\n\n<div class=\"wp-block-uagb-container uagb-block-e2f9ea02\">\n<div class=\"wp-block-uagb-advanced-heading uagb-block-0ac88d07\">\r\n<h3 class=\"uagb-heading-text\">\u00bfQu\u00e9 te ofrecemos?<\/h3>\r\n<div class=\"uagb-separator\">\u00a0<\/div>\r\n<p class=\"uagb-desc-text\">Somos una empresa con valores cristianos, enfocado a superar las espectativas de los clientes que contratan nuestros servicios.<\/p>\r\n<\/div>\n\n\n\n<div class=\"wp-block-uagb-icon-list uagb-block-af9ffd44\"><div class=\"uagb-icon-list__wrap\">\n<div class=\"wp-block-uagb-icon-list-child uagb-block-092a6498\"><span class=\"uagb-icon-list__label\"><strong>Personal:<\/strong> Un equipo de personas que trabajan en equipo enfocado a una misma meta (Satisfacer las necesidades del cliente).<\/span><\/div>\n\n\n\n<div class=\"wp-block-uagb-icon-list-child uagb-block-20df9742\"><span class=\"uagb-icon-list__label\"><strong>Profesionales:<\/strong> Personal profesionalmente capacitado para areas especificas.<\/span><\/div>\n\n\n\n<div class=\"wp-block-uagb-icon-list-child uagb-block-96009966\"><span class=\"uagb-icon-list__label\"><strong>Variedad:<\/strong> Contamos con abanico de servicios donde podemos suplir la necesidad que necesite.<\/span><\/div>\n<\/div><\/div>\n<\/div>\n<\/div><\/div>\n","protected":false},"excerpt":{"rendered":"<p>\u00bfQuienes Somos? Nuestra Misi\u00f3n En nuestra firma, nos especializamos en la selecci\u00f3n cuidadosa de profesionales altamente experimentados para satisfacer las necesidades espec\u00edficas de la industria. Una vez formado el equipo, realizamos pruebas te\u00f3ricas exhaustivas para evaluar y asegurar el dominio completo de los conocimientos necesarios para destacar en cada campo experimentado. No nos detenemos ah\u00ed. [&hellip;]<\/p>\n","protected":false},"author":1,"featured_media":0,"parent":0,"menu_order":0,"comment_status":"closed","ping_status":"closed","template":"","meta":{"_crdt_document":"","_uag_custom_page_level_css":"","site-sidebar-layout":"no-sidebar","site-content-layout":"plain-container","ast-site-content-layout":"normal-width-container","site-content-style":"unboxed","site-sidebar-style":"unboxed","ast-global-header-display":"","ast-banner-title-visibility":"","ast-main-header-display":"","ast-hfb-above-header-display":"","ast-hfb-below-header-display":"","ast-hfb-mobile-header-display":"","site-post-title":"disabled","ast-breadcrumbs-content":"","ast-featured-img":"disabled","footer-sml-layout":"","ast-disable-related-posts":"","theme-transparent-header-meta":"enabled","adv-header-id-meta":"","stick-header-meta":"","header-above-stick-meta":"","header-main-stick-meta":"","header-below-stick-meta":"","astra-migrate-meta-layouts":"set","ast-page-background-enabled":"default","ast-page-background-meta":{"desktop":{"background-color":"","background-image":"","background-repeat":"repeat","background-position":"center center","background-size":"auto","background-attachment":"scroll","background-type":"","background-media":"","overlay-type":"","overlay-color":"","overlay-opacity":"","overlay-gradient":""},"tablet":{"background-color":"","background-image":"","background-repeat":"repeat","background-position":"center center","background-size":"auto","background-attachment":"scroll","background-type":"","background-media":"","overlay-type":"","overlay-color":"","overlay-opacity":"","overlay-gradient":""},"mobile":{"background-color":"","background-image":"","background-repeat":"repeat","background-position":"center center","background-size":"auto","background-attachment":"scroll","background-type":"","background-media":"","overlay-type":"","overlay-color":"","overlay-opacity":"","overlay-gradient":""}},"ast-content-background-meta":{"desktop":{"background-color":"var(--ast-global-color-5)","background-image":"","background-repeat":"repeat","background-position":"center center","background-size":"auto","background-attachment":"scroll","background-type":"","background-media":"","overlay-type":"","overlay-color":"","overlay-opacity":"","overlay-gradient":""},"tablet":{"background-color":"var(--ast-global-color-5)","background-image":"","background-repeat":"repeat","background-position":"center center","background-size":"auto","background-attachment":"scroll","background-type":"","background-media":"","overlay-type":"","overlay-color":"","overlay-opacity":"","overlay-gradient":""},"mobile":{"background-color":"var(--ast-global-color-5)","background-image":"","background-repeat":"repeat","background-position":"center center","background-size":"auto","background-attachment":"scroll","background-type":"","background-media":"","overlay-type":"","overlay-color":"","overlay-opacity":"","overlay-gradient":""}},"footnotes":""},"class_list":["post-1427","page","type-page","status-publish","hentry"],"uagb_featured_image_src":{"full":false,"thumbnail":false,"medium":false,"medium_large":false,"large":false,"1536x1536":false,"2048x2048":false,"trp-custom-language-flag":false},"uagb_author_info":{"display_name":"Admin","author_link":"https:\/\/serviexpress.lat\/es\/author\/admin\/"},"uagb_comment_info":0,"uagb_excerpt":"\u00bfQuienes Somos? Nuestra Misi\u00f3n En nuestra firma, nos especializamos en la selecci\u00f3n cuidadosa de profesionales altamente experimentados para satisfacer las necesidades espec\u00edficas de la industria. Una vez formado el equipo, realizamos pruebas te\u00f3ricas exhaustivas para evaluar y asegurar el dominio completo de los conocimientos necesarios para destacar en cada campo experimentado. No nos detenemos ah\u00ed.&hellip;","_links":{"self":[{"href":"https:\/\/serviexpress.lat\/es\/wp-json\/wp\/v2\/pages\/1427","targetHints":{"allow":["GET"]}}],"collection":[{"href":"https:\/\/serviexpress.lat\/es\/wp-json\/wp\/v2\/pages"}],"about":[{"href":"https:\/\/serviexpress.lat\/es\/wp-json\/wp\/v2\/types\/page"}],"author":[{"embeddable":true,"href":"https:\/\/serviexpress.lat\/es\/wp-json\/wp\/v2\/users\/1"}],"replies":[{"embeddable":true,"href":"https:\/\/serviexpress.lat\/es\/wp-json\/wp\/v2\/comments?post=1427"}],"version-history":[{"count":49,"href":"https:\/\/serviexpress.lat\/es\/wp-json\/wp\/v2\/pages\/1427\/revisions"}],"predecessor-version":[{"id":2186,"href":"https:\/\/serviexpress.lat\/es\/wp-json\/wp\/v2\/pages\/1427\/revisions\/2186"}],"wp:attachment":[{"href":"https:\/\/serviexpress.lat\/es\/wp-json\/wp\/v2\/media?parent=1427"}],"curies":[{"name":"wp","href":"https:\/\/api.w.org\/{rel}","templated":true}]}}