{"id":1490,"date":"2023-12-30T01:18:03","date_gmt":"2023-12-30T01:18:03","guid":{"rendered":"https:\/\/serviexpress.lat\/?page_id=1490"},"modified":"2024-07-02T05:44:39","modified_gmt":"2024-07-02T05:44:39","slug":"electricos","status":"publish","type":"page","link":"https:\/\/serviexpress.lat\/en\/electricos\/","title":{"rendered":"Electrical"},"content":{"rendered":"<div class=\"wp-block-uagb-container uagb-block-79d714ad alignfull uagb-is-root-container\">\r\n<div class=\"uagb-container-inner-blocks-wrap\">\r\n<div class=\"wp-block-uagb-advanced-heading uagb-block-ca1e86ce\">\r\n<h1 class=\"uagb-heading-text\">Electrical<\/h1>\r\n<\/div>\r\n<\/div>\r\n<\/div>\r\n\r\n\r\n\r\n<div class=\"wp-block-uagb-container uagb-block-367bb171 alignfull uagb-is-root-container\">\r\n<div class=\"uagb-container-inner-blocks-wrap\">\r\n<div class=\"wp-block-uagb-advanced-heading uagb-block-a782b3cb\">\r\n<h2 class=\"uagb-heading-text\">Profesionales el\u00e9ctricos: Eficiencia y Capacidad Sin l\u00edmites.<\/h2>\r\n<div class=\"uagb-separator\">\u00a0<\/div>\r\n<\/div>\r\n\r\n\r\n\r\n<div class=\"wp-block-uagb-container uagb-block-5467ce97\">\r\n<div class=\"wp-block-uagb-container uagb-block-06b76bb8\">\r\n<div class=\"wp-block-uagb-info-box uagb-block-e182e8cc uagb-infobox__content-wrap  uagb-infobox-icon-above-title uagb-infobox-image-valign-top\">\r\n<div class=\"uagb-ifb-content\">\r\n<div class=\"uagb-ifb-image-content\"><img fetchpriority=\"high\" decoding=\"async\" src=\"https:\/\/serviexpress.lat\/wp-content\/uploads\/2024\/01\/Electricos1.jpg\" alt=\"\" width=\"644\" height=\"402\" \/><\/div>\r\n<div class=\"uagb-ifb-title-wrap\">\r\n<h5 class=\"uagb-ifb-title\">Installation and Maintenance of Electrical Systems<\/h5>\r\n<\/div>\r\n<p class=\"uagb-ifb-desc\">We install and maintain electrical systems with precision and quality.<\/p>\r\n<\/div>\r\n<\/div>\r\n<\/div>\r\n\r\n\r\n\r\n<div class=\"wp-block-uagb-container uagb-block-e3c5d364\">\r\n<div class=\"wp-block-uagb-info-box uagb-block-5b403ab9 uagb-infobox__content-wrap  uagb-infobox-icon-above-title uagb-infobox-image-valign-top\">\r\n<div class=\"uagb-ifb-content\">\r\n<div class=\"uagb-ifb-image-content\"><img decoding=\"async\" src=\"https:\/\/serviexpress.lat\/wp-content\/uploads\/2024\/01\/Electricos2.9.jpg\" alt=\"\" width=\"644\" height=\"402\" \/><\/div>\r\n<div class=\"uagb-ifb-title-wrap\">\r\n<h5 class=\"uagb-ifb-title\">Electrical Equipment Repair<\/h5>\r\n<\/div>\r\n<p class=\"uagb-ifb-desc\">We diagnose and repair faults in electrical equipment on board.<\/p>\r\n<\/div>\r\n<\/div>\r\n<\/div>\r\n<\/div>\r\n\r\n\r\n\r\n<div class=\"wp-block-uagb-container uagb-block-3d70687a\">\r\n<div class=\"wp-block-uagb-container uagb-block-350680ec\">\r\n<div class=\"wp-block-uagb-info-box uagb-block-0f8a8f98 uagb-infobox__content-wrap  uagb-infobox-icon-above-title uagb-infobox-image-valign-top\">\r\n<div class=\"uagb-ifb-content\">\r\n<div class=\"uagb-ifb-image-content\"><img decoding=\"async\" src=\"https:\/\/serviexpress.lat\/wp-content\/uploads\/2024\/01\/Electricos3.jpg\" alt=\"\" width=\"644\" height=\"402\" \/><\/div>\r\n<div class=\"uagb-ifb-title-wrap\">\r\n<h5 class=\"uagb-ifb-title\">Power Systems Monitoring<\/h5>\r\n<\/div>\r\n<p class=\"uagb-ifb-desc\">We supervise the distribution and efficient use of electrical energy.<\/p>\r\n<\/div>\r\n<\/div>\r\n<\/div>\r\n\r\n\r\n\r\n<div class=\"wp-block-uagb-container uagb-block-5ba2e98d\">\r\n<div class=\"wp-block-uagb-info-box uagb-block-95387658 uagb-infobox__content-wrap  uagb-infobox-icon-above-title uagb-infobox-image-valign-top\">\r\n<div class=\"uagb-ifb-content\">\r\n<div class=\"uagb-ifb-image-content\"><img loading=\"lazy\" decoding=\"async\" src=\"https:\/\/serviexpress.lat\/wp-content\/uploads\/2024\/01\/Electricos4.jpg\" alt=\"\" width=\"644\" height=\"402\" \/><\/div>\r\n<div class=\"uagb-ifb-title-wrap\">\r\n<h5 class=\"uagb-ifb-title\">Electrical Safety Inspections<\/h5>\r\n<\/div>\r\n<p class=\"uagb-ifb-desc\">We verify the safety and condition of electrical installations.<\/p>\r\n<\/div>\r\n<\/div>\r\n<\/div>\r\n<\/div>\r\n<\/div>\r\n<\/div>\r\n\r\n\r\n\r\n<div class=\"wp-block-uagb-container uagb-block-572efee1 alignfull uagb-is-root-container\">\r\n    <div class=\"uagb-container-inner-blocks-wrap\">\r\n    <div class=\"wp-block-uagb-container uagb-block-6494f6ee\">\r\n    <div class=\"wp-block-uagb-advanced-heading uagb-block-038c9175\">\r\n    <h3 class=\"uagb-heading-text\">Why Hire Us?<\/h3>\r\n    <div class=\"uagb-separator\">\u00a0<\/div>\r\n    <p class=\"uagb-desc-text\">We are a team highly focused on results, without neglecting every detail in the project development process.<\/p>\r\n    <\/div>\r\n    \r\n    \r\n    \r\n    <div class=\"wp-block-uagb-icon-list uagb-block-ef6f6065\">\r\n    <div class=\"uagb-icon-list__wrap\">\r\n    <div class=\"wp-block-uagb-icon-list-child uagb-block-d9a0f41a\"><span class=\"uagb-icon-list__label\"><strong><strong>Experience: <\/strong> <\/strong>We have several companies in our catalog that attest to the responsibility and quality of services we provide.<\/span><\/div>\r\n    \r\n    \r\n    \r\n    <div class=\"wp-block-uagb-icon-list-child uagb-block-48563c77\"><span class=\"uagb-icon-list__label\"><strong><strong>Reputation: <\/strong> <\/strong>Contamos con varias empresas en nuestro catalogo que dan fe de la reponsablididad y calidad de servicios que brindamos.<\/span><\/div>\r\n    \r\n    \r\n    \r\n    <div class=\"wp-block-uagb-icon-list-child uagb-block-30f486dc\"><span class=\"uagb-icon-list__label\"><strong><strong>Contact us: <\/strong> <\/strong>Contact us and you will realize that from the first contact with us until the end of the project we will be there to provide you with the support you need.<\/span><\/div>\r\n    <div>\u00a0<\/div>\r\n    <\/div>\r\n    <\/div>\r\n    <\/div>\r\n    \r\n    \r\n    \r\n    <div class=\"wp-block-uagb-container uagb-block-e2f9ea02\">\r\n    <div class=\"wp-block-uagb-advanced-heading uagb-block-0ac88d07\">\r\n    <h3 class=\"uagb-heading-text\">What do we offer you?<\/h3>\r\n    <div class=\"uagb-separator\">\u00a0<\/div>\r\n    <p class=\"uagb-desc-text\">We are a company with Christian values, focused on exceeding the expectations of the clients who hire our services.<\/p>\r\n    <\/div>\r\n    \r\n    \r\n    \r\n    <div class=\"wp-block-uagb-icon-list uagb-block-af9ffd44\">\r\n    <div class=\"uagb-icon-list__wrap\">\r\n    <div class=\"wp-block-uagb-icon-list-child uagb-block-092a6498\"><span class=\"uagb-icon-list__label\"><strong>Staff:<\/strong> A team of people who work as a team focused on the same goal (Satisfying the needs of the client).<\/span><\/div>\r\n    \r\n    \r\n    \r\n    <div class=\"wp-block-uagb-icon-list-child uagb-block-20df9742\"><span class=\"uagb-icon-list__label\"><strong>Professionals:<\/strong> Professionally trained personnel for specific areas.<\/span><\/div>\r\n    \r\n    \r\n    \r\n    <div class=\"wp-block-uagb-icon-list-child uagb-block-96009966\"><span class=\"uagb-icon-list__label\"><strong>Variety:<\/strong> We have a range of services where we can meet the need you need.<\/span><\/div>\r\n    <\/div>\r\n    <\/div>\r\n    <\/div>\r\n    <\/div>\r\n    <\/div>","protected":false},"excerpt":{"rendered":"<p>El\u00e9ctricos Profesionales el\u00e9ctricos: Eficiencia y Capacidad Sin l\u00edmites. \u00a0 \u00bfPor qu\u00e9 Contratarnos? \u00a0 Somos un equipo altamente enfocados a resultados, sin descuidar cada detalle en el proceso de elaboraci\u00f3n del proyecto. \u00bfQu\u00e9 te ofrecemos? \u00a0 Somos una empresa con valores cristianos, enfocado a superar las espectativas de los clientes que contratan nuestros servicios.<\/p>","protected":false},"author":1,"featured_media":0,"parent":0,"menu_order":0,"comment_status":"closed","ping_status":"closed","template":"","meta":{"_crdt_document":"","_uag_custom_page_level_css":"","site-sidebar-layout":"default","site-content-layout":"","ast-site-content-layout":"default","site-content-style":"default","site-sidebar-style":"default","ast-global-header-display":"","ast-banner-title-visibility":"","ast-main-header-display":"","ast-hfb-above-header-display":"","ast-hfb-below-header-display":"","ast-hfb-mobile-header-display":"","site-post-title":"disabled","ast-breadcrumbs-content":"","ast-featured-img":"","footer-sml-layout":"","ast-disable-related-posts":"","theme-transparent-header-meta":"default","adv-header-id-meta":"","stick-header-meta":"","header-above-stick-meta":"","header-main-stick-meta":"","header-below-stick-meta":"","astra-migrate-meta-layouts":"set","ast-page-background-enabled":"default","ast-page-background-meta":{"desktop":{"background-color":"","background-image":"","background-repeat":"repeat","background-position":"center center","background-size":"auto","background-attachment":"scroll","background-type":"","background-media":"","overlay-type":"","overlay-color":"","overlay-opacity":"","overlay-gradient":""},"tablet":{"background-color":"","background-image":"","background-repeat":"repeat","background-position":"center center","background-size":"auto","background-attachment":"scroll","background-type":"","background-media":"","overlay-type":"","overlay-color":"","overlay-opacity":"","overlay-gradient":""},"mobile":{"background-color":"","background-image":"","background-repeat":"repeat","background-position":"center center","background-size":"auto","background-attachment":"scroll","background-type":"","background-media":"","overlay-type":"","overlay-color":"","overlay-opacity":"","overlay-gradient":""}},"ast-content-background-meta":{"desktop":{"background-color":"var(--ast-global-color-5)","background-image":"","background-repeat":"repeat","background-position":"center center","background-size":"auto","background-attachment":"scroll","background-type":"","background-media":"","overlay-type":"","overlay-color":"","overlay-opacity":"","overlay-gradient":""},"tablet":{"background-color":"var(--ast-global-color-5)","background-image":"","background-repeat":"repeat","background-position":"center center","background-size":"auto","background-attachment":"scroll","background-type":"","background-media":"","overlay-type":"","overlay-color":"","overlay-opacity":"","overlay-gradient":""},"mobile":{"background-color":"var(--ast-global-color-5)","background-image":"","background-repeat":"repeat","background-position":"center center","background-size":"auto","background-attachment":"scroll","background-type":"","background-media":"","overlay-type":"","overlay-color":"","overlay-opacity":"","overlay-gradient":""}},"footnotes":""},"class_list":["post-1490","page","type-page","status-publish","hentry"],"uagb_featured_image_src":{"full":false,"thumbnail":false,"medium":false,"medium_large":false,"large":false,"1536x1536":false,"2048x2048":false,"trp-custom-language-flag":false},"uagb_author_info":{"display_name":"Admin","author_link":"https:\/\/serviexpress.lat\/en\/author\/admin\/"},"uagb_comment_info":0,"uagb_excerpt":"El\u00e9ctricos Profesionales el\u00e9ctricos: Eficiencia y Capacidad Sin l\u00edmites. \u00a0 \u00bfPor qu\u00e9 Contratarnos? \u00a0 Somos un equipo altamente enfocados a resultados, sin descuidar cada detalle en el proceso de elaboraci\u00f3n del proyecto. \u00bfQu\u00e9 te ofrecemos? \u00a0 Somos una empresa con valores cristianos, enfocado a superar las espectativas de los clientes que contratan nuestros servicios.","_links":{"self":[{"href":"https:\/\/serviexpress.lat\/en\/wp-json\/wp\/v2\/pages\/1490","targetHints":{"allow":["GET"]}}],"collection":[{"href":"https:\/\/serviexpress.lat\/en\/wp-json\/wp\/v2\/pages"}],"about":[{"href":"https:\/\/serviexpress.lat\/en\/wp-json\/wp\/v2\/types\/page"}],"author":[{"embeddable":true,"href":"https:\/\/serviexpress.lat\/en\/wp-json\/wp\/v2\/users\/1"}],"replies":[{"embeddable":true,"href":"https:\/\/serviexpress.lat\/en\/wp-json\/wp\/v2\/comments?post=1490"}],"version-history":[{"count":8,"href":"https:\/\/serviexpress.lat\/en\/wp-json\/wp\/v2\/pages\/1490\/revisions"}],"predecessor-version":[{"id":1963,"href":"https:\/\/serviexpress.lat\/en\/wp-json\/wp\/v2\/pages\/1490\/revisions\/1963"}],"wp:attachment":[{"href":"https:\/\/serviexpress.lat\/en\/wp-json\/wp\/v2\/media?parent=1490"}],"curies":[{"name":"wp","href":"https:\/\/api.w.org\/{rel}","templated":true}]}}